{"id":357,"date":"2023-03-28T10:51:45","date_gmt":"2023-03-28T10:51:45","guid":{"rendered":"https:\/\/www.lapasta-vitrolles.fr\/?page_id=357"},"modified":"2023-03-29T13:32:50","modified_gmt":"2023-03-29T13:32:50","slug":"mentions-legales","status":"publish","type":"page","link":"https:\/\/www.lapasta-vitrolles.fr\/?page_id=357","title":{"rendered":"Mentions l\u00e9gales"},"content":{"rendered":"\t\t<div data-elementor-type=\"wp-page\" data-elementor-id=\"357\" class=\"elementor elementor-357\">\n\t\t\t\t\t\t\t\t\t<section class=\"elementor-section elementor-top-section elementor-element elementor-element-e66359e elementor-section-boxed elementor-section-height-default elementor-section-height-default\" data-id=\"e66359e\" data-element_type=\"section\">\n\t\t\t\t\t\t<div class=\"elementor-container elementor-column-gap-default\">\n\t\t\t\t\t<div class=\"elementor-column elementor-col-100 elementor-top-column elementor-element elementor-element-8216a46\" data-id=\"8216a46\" data-element_type=\"column\">\n\t\t\t<div class=\"elementor-widget-wrap elementor-element-populated\">\n\t\t\t\t\t\t\t\t<div class=\"elementor-element elementor-element-a33b5f5 elementor-widget elementor-widget-heading\" data-id=\"a33b5f5\" data-element_type=\"widget\" data-widget_type=\"heading.default\">\n\t\t\t\t<div class=\"elementor-widget-container\">\n\t\t\t<style>\/*! elementor - v3.18.0 - 20-12-2023 *\/\n.elementor-heading-title{padding:0;margin:0;line-height:1}.elementor-widget-heading .elementor-heading-title[class*=elementor-size-]>a{color:inherit;font-size:inherit;line-height:inherit}.elementor-widget-heading .elementor-heading-title.elementor-size-small{font-size:15px}.elementor-widget-heading .elementor-heading-title.elementor-size-medium{font-size:19px}.elementor-widget-heading .elementor-heading-title.elementor-size-large{font-size:29px}.elementor-widget-heading .elementor-heading-title.elementor-size-xl{font-size:39px}.elementor-widget-heading .elementor-heading-title.elementor-size-xxl{font-size:59px}<\/style><h2 class=\"elementor-heading-title elementor-size-default\">Mentions l\u00e9gales<\/h2>\t\t<\/div>\n\t\t\t\t<\/div>\n\t\t\t\t<div class=\"elementor-element elementor-element-2887756 elementor-widget elementor-widget-text-editor\" data-id=\"2887756\" data-element_type=\"widget\" data-widget_type=\"text-editor.default\">\n\t\t\t\t<div class=\"elementor-widget-container\">\n\t\t\t<style>\/*! elementor - v3.18.0 - 20-12-2023 *\/\n.elementor-widget-text-editor.elementor-drop-cap-view-stacked .elementor-drop-cap{background-color:#69727d;color:#fff}.elementor-widget-text-editor.elementor-drop-cap-view-framed .elementor-drop-cap{color:#69727d;border:3px solid;background-color:transparent}.elementor-widget-text-editor:not(.elementor-drop-cap-view-default) .elementor-drop-cap{margin-top:8px}.elementor-widget-text-editor:not(.elementor-drop-cap-view-default) .elementor-drop-cap-letter{width:1em;height:1em}.elementor-widget-text-editor .elementor-drop-cap{float:left;text-align:center;line-height:1;font-size:50px}.elementor-widget-text-editor .elementor-drop-cap-letter{display:inline-block}<\/style>\t\t\t\t<p>Merci de lire attentivement les pr\u00e9sentes modalit\u00e9s d\u2019utilisation du pr\u00e9sent site avant de le parcourir. En vous connectant sur ce site, vous acceptez sans r\u00e9serve les pr\u00e9sentes modalit\u00e9s.<\/p><p>Aussi, conform\u00e9ment \u00e0 l\u2019article n\u00b06 de la Loi n\u00b02004-575 du 21 Juin 2004 pour la confiance dans l\u2019\u00e9conomie num\u00e9rique, les responsables du pr\u00e9sent site internet https:\/\/www.lapasta-vitrolles.fr\/ sont :<\/p><p><b>1. INFORMATIONS SUR L&rsquo;EDITEUR ET COORDONNEES DE L&rsquo;EDITEUR<br \/><\/b><u>Editeur du site<br \/><\/u>Giles Calappi<br \/>T\u00e9l. : 04 42 89 09 67<br \/>https:\/\/www.lapasta-vitrolles.fr\/<br \/>A.O.C RESTAURATION<br \/>SIRET 81473478600019<\/p><p><u>Responsable \u00e9ditorial<br \/><\/u>Giles\u00a0Calappi<br \/>T\u00e9l. : 04 42 89 09 67<br \/>https:\/\/www.lapasta-vitrolles.fr\/<\/p><p><u>H\u00e9bergeur<br \/><\/u>O2SWITCH<br \/>Si\u00e8ge social : 222 Bd Gustave Flaubert, 63000 Clermont-Ferrand<br \/>Tel. : <a href=\"https:\/\/www.google.com\/search?q=O2switch+informations&amp;oq=O2switch+informations&amp;aqs=chrome..69i57j69i60.4435j0j7&amp;sourceid=chrome&amp;ie=UTF-8#\" data-dtype=\"d3ph\" data-local-attribute=\"d3ph\" data-ved=\"2ahUKEwiqx4jv5Zb6AhVCgRoKHT7pDJcQkAgoAHoECHkQAw\">04 44 44 60 40<\/a><br \/><a href=\"https:\/\/www.o2switch.fr\/\">https:\/\/www.o2switch.fr\/<\/a><br \/>OVH est une SAS au capital de 10 069 020 \u20ac<br \/>RCS 510\u00a0909\u00a0807<\/p><p><u>Conception, cr\u00e9ation, d\u00e9veloppement<br \/><\/u>RJ Design<br \/>Julien RIBAS<br \/>11 Chemin des gorges de cabri\u00e8s, 13127 Vitrolles, FRANCE<br \/>Tel. : +33 (0)6 02 34 83 17<br \/><a href=\"mailto:contact@rj-design.fr\">contact@rj-design.fr<\/a><br \/><a href=\"https:\/\/www.rj-design.fr\/\">https:\/\/www.rj-design.fr\/<\/a><\/p><p><b>2. DESCRIPTION DU SERVICE<br \/><\/b>La Pasta Vitrolles propose sur le site des informations concernant l&rsquo;activit\u00e9 de la soci\u00e9t\u00e9 et son fonctionnement r\u00e9parties de mani\u00e8re th\u00e9matique.<\/p><p><b>3. ACCES ET DISPONIBILITE<br \/><\/b>L&rsquo;acc\u00e8s au site de La Pasta Vitrolles\u00a0est ouvert \u00e0 toute personne souhaitant s&rsquo;informer sur son activit\u00e9.<\/p><p>L&rsquo;acc\u00e8s au site est assur\u00e9 de fa\u00e7on continue et permanente, sauf cas de force majeure ou d&rsquo;\u00e9v\u00e9nements hors du contr\u00f4le de La Pasta Vitrolles, et sous r\u00e9serve des \u00e9ventuelles pannes et interventions de maintenance n\u00e9cessaires au bon fonctionnement du site.<br \/>Par ailleurs, en raison de la nature m\u00eame d&rsquo;Internet, La Pasta Vitrolles\u00a0ne peut garantir un fonctionnement du site 24 heures sur 24 et 7 jours sur 7.<\/p><p><b>4. DROITS D\u2019AUTEURS &#8211; COPYRIGHT &#8211; LIENS<br \/><\/b>L\u2019ensemble de ce site rel\u00e8ve de la l\u00e9gislation fran\u00e7aise et internationale sur le droit d\u2019auteur et la propri\u00e9t\u00e9 intellectuelle. Tous les droits de reproduction sont r\u00e9serv\u00e9s, y compris \u00e0 l\u2019\u00e9gard des repr\u00e9sentations iconographiques et photographiques.<\/p><p><b>5. CREDITS PHOTOS<br \/><\/b>Les photographies pr\u00e9sentes sur le site www.lapasta-vitrolles.fr ne peuvent \u00eatre reproduites sans l\u2019accord de Giles\u00a0Calappi. Toute image utilis\u00e9e sans le consentement de l\u2019auteur pourra donc faire l\u2019objet de poursuites l\u00e9gales. Phototh\u00e8que constitu\u00e9e par La Pasta Vitrolles.<\/p><p><b>6. RESPONSABILITES<br \/><\/b>La Pasta Vitrolles\u00a0s&rsquo;efforce d&rsquo;offrir aux utilisateurs l&rsquo;information la plus fiable et qualitative qu&rsquo;il soit.<\/p><p>Les donn\u00e9es mises en ligne sur le site internet visent \u00e0 faciliter la recherche d\u2019informations sur la soci\u00e9t\u00e9 La Pasta Vitrolles\u00a0par le grand public, les professionnels et la presse. Elles font l\u2019objet de v\u00e9rifications et de mises \u00e0 jour r\u00e9guli\u00e8res. Des erreurs ou omissions ind\u00e9pendantes de la volont\u00e9 de Giles\u00a0Calappi\u00a0peuvent toutefois se glisser dans les pages de son site.<\/p><p>En tout \u00e9tat de cause, la responsabilit\u00e9 de Giles\u00a0Calappi\u00a0ne saurait \u00eatre retenue en cas de pr\u00e9judice direct ou indirect (notamment tout pr\u00e9judice financier, commercial, perte de programmes ou de donn\u00e9es) r\u00e9sultant de son site et de l\u2019utilisation des donn\u00e9es et informations qui y sont mises en ligne, certaines lui \u00e9tant fournies directement par ses prestataires ou partenaires.<\/p><p>En outre, Giles\u00a0Calappi\u00a0d\u00e9cline toute responsabilit\u00e9 \u00e0 l\u2019\u00e9gard de tout dommage li\u00e9 \u00e0 l\u2019utilisation des liens hypertextes mis en ligne sur son site et \u00e0 la consultation des sites auxquels ils renvoient.\u00a0<\/p><p><span style=\"color: var( --e-global-color-text ); font-family: var( --e-global-typography-text-font-family ), Sans-serif; font-weight: var( --e-global-typography-text-font-weight );\">Giles<\/span><span style=\"color: var( --e-global-color-text ); font-family: var( --e-global-typography-text-font-family ), Sans-serif; font-weight: var( --e-global-typography-text-font-weight );\">\u00a0Calappi<\/span>\u00a0ne prend aucune part dans la relation commerciale engag\u00e9e entre les utilisateurs du site et les prestataires de services ; le r\u00f4le de La Pasta Vitrolles\u00a0consistent seulement \u00e0 pr\u00e9senter des informations sur son activit\u00e9.<br \/>Giles\u00a0Calappi\u00a0ne saurait dans ces conditions \u00eatre tenu pour responsable des dommages directs ou indirects, subis par les utilisateurs ou par des tiers qui trouveraient leur source dans l&rsquo;information diffus\u00e9e sur le site.<\/p><p><span style=\"color: var( --e-global-color-text ); font-family: var( --e-global-typography-text-font-family ), Sans-serif; font-weight: var( --e-global-typography-text-font-weight );\">Giles<\/span><span style=\"color: var( --e-global-color-text ); font-family: var( --e-global-typography-text-font-family ), Sans-serif; font-weight: var( --e-global-typography-text-font-weight );\">\u00a0Calappi<\/span>\u00a0n&rsquo;exerce par ailleurs aucune surveillance sur les sites reli\u00e9s \u00e0 son site par le biais de liens hypertexte, et d\u00e9cline toute responsabilit\u00e9 li\u00e9e \u00e0 ces sites et aux contenus qui s&rsquo;y trouvent.<\/p><p><b>7. INFORMATIQUE ET LIBERTES<br \/><\/b>En tant qu\u2019utilisateur, l\u2019internaute dispose d\u2019un droit d\u2019acc\u00e8s, de modification, de rectification et de suppression des donn\u00e9es le concernant (loi informatique et libert\u00e9s du 6 janvier 1978 modifi\u00e9e en 2004).<br \/>Pour toute demande de suppression ou rectification, merci de nous envoyer un mail \u00e0 : contact@lapasta-vitrolles.fr, accompagn\u00e9 de votre pi\u00e8ce d&rsquo;identit\u00e9. Un d\u00e9lai d&rsquo;un mois sera compter \u00e0 partir de la r\u00e9ception du courrier, pour r\u00e9pondre \u00e0 cette demande.<\/p><p><u>COOKIES<br \/><\/u>Sur ce site, des cookies sont utilis\u00e9s pour analyser l\u2019audience via le service Google Analytics.<\/p><p>Un cookie est un petit fichier que va d\u00e9poser un site internet sur votre ordinateur pour y stocker des informations qui vous sont propres. Sur ce site, les cookies sont utilis\u00e9s pour analyser uniquement vos pr\u00e9f\u00e9rences et am\u00e9liorer ainsi l&rsquo;exp\u00e9rience de l&rsquo;utilisateur.<\/p><p><u>UTILISATION DE VOS DONN\u00c9ES PERSONNELLES &amp; DUR\u00c9E DE STOCKAGE<br \/><\/u><br \/>Aucune donn\u00e9e personnelle n&rsquo;est recueillie sans le consentement direct et explicite de l&rsquo;utilisateur. Seul les utilisateurs d\u00e9sirant rentrer en contact avec La Pasta Vitrolles via le formulaire de contact sont concern\u00e9s.<\/p><p><span style=\"color: var( --e-global-color-text ); font-family: var( --e-global-typography-text-font-family ), Sans-serif; font-weight: var( --e-global-typography-text-font-weight );\">La Pasta Vitrolles<\/span>\u00a0utilise les donn\u00e9es de la personne uniquement dans le but de r\u00e9pondre \u00e0 ses demandes. Les donn\u00e9es ne seront utilis\u00e9es \u00e0 aucune autres finalit\u00e9s.<\/p><p>Toute adresse mail inactive (ou inutilis\u00e9e) de plus de 1 an sera supprim\u00e9e de notre base de donn\u00e9es. Les utilisateurs et utilisatrices peuvent \u00e9galement demander \u00e0 voir, modifier ou supprimer leurs informations personnelles \u00e0 tout moment. Pour cela, il vous suffit de nous envoyer un mail \u00e0\u00a0<a href=\"contact@naturalinncafe.fr\" target=\"_blank\" rel=\"noopener\">contact@lapasta-vitrolles.fr<\/a>\u00a0en nous sp\u00e9cifiant votre demande, accompagn\u00e9 d&rsquo;une copie de votre pi\u00e8ce d&rsquo;identit\u00e9. Un d\u00e9lai maximal d&rsquo;un mois sera compter \u00e0 partir de la r\u00e9ception du courrier, pour r\u00e9pondre \u00e0 cette demande.<\/p><p><b>9. DIVERS<br \/><\/b>Dans l&rsquo;hypoth\u00e8se o\u00f9 l&rsquo;une des dispositions des pr\u00e9sentes conditions serait consid\u00e9r\u00e9e comme nulle en vertu d&rsquo;une disposition l\u00e9gale ou r\u00e9glementaire, pr\u00e9sente ou future, ou d&rsquo;une d\u00e9cision de justice rev\u00eatue de l&rsquo;autorit\u00e9 de la chose jug\u00e9e et \u00e9manant d&rsquo;une juridiction ou d&rsquo;un organisme comp\u00e9tent, cette disposition du contrat serait consid\u00e9r\u00e9e comme \u00e9tant non \u00e9crite, toutes les autres dispositions des pr\u00e9sentes Mentions L\u00e9gales conservant force obligatoire entre les Parties.<\/p><p>La Pasta Vitrolles se r\u00e9serve le droit de modifier unilat\u00e9ralement les termes des pr\u00e9sentes conditions.<\/p><p>Les nouvelles clauses r\u00e9giront pour l&rsquo;avenir toutes les relations entre les parties, et seule la nouvelle version fera foi entre celles-ci.<\/p><p>Les pr\u00e9sentes Conditions G\u00e9n\u00e9rales d&rsquo;Utilisation sont r\u00e9gies par la loi fran\u00e7aise tant pour les r\u00e8gles de fond que pour les r\u00e8gles de forme.<\/p><p>En cas de litige, les parties conviennent de rechercher une solution amiable avant de saisir la juridiction comp\u00e9tente.<\/p><p><i>Derni\u00e8re mise \u00e0 jour : 28 mars 2023<\/i><\/p>\t\t\t\t\t\t<\/div>\n\t\t\t\t<\/div>\n\t\t\t\t\t<\/div>\n\t\t<\/div>\n\t\t\t\t\t\t\t<\/div>\n\t\t<\/section>\n\t\t\t\t<section class=\"elementor-section elementor-top-section elementor-element elementor-element-665becf envato-kit-141-top-0 elementor-reverse-mobile elementor-section-boxed elementor-section-height-default elementor-section-height-default\" data-id=\"665becf\" data-element_type=\"section\" data-settings=\"{&quot;background_background&quot;:&quot;classic&quot;}\">\n\t\t\t\t\t\t\t<div class=\"elementor-background-overlay\"><\/div>\n\t\t\t\t\t\t\t<div class=\"elementor-container elementor-column-gap-wider\">\n\t\t\t\t\t<div class=\"elementor-column elementor-col-25 elementor-top-column elementor-element elementor-element-4967210 elementor-invisible\" data-id=\"4967210\" data-element_type=\"column\" data-settings=\"{&quot;animation&quot;:&quot;fadeIn&quot;,&quot;animation_delay&quot;:100}\">\n\t\t\t<div class=\"elementor-widget-wrap elementor-element-populated\">\n\t\t\t\t\t\t\t\t<div class=\"elementor-element elementor-element-d997fbe elementor-widget elementor-widget-heading\" data-id=\"d997fbe\" data-element_type=\"widget\" data-widget_type=\"heading.default\">\n\t\t\t\t<div class=\"elementor-widget-container\">\n\t\t\t<h2 class=\"elementor-heading-title elementor-size-default\">contact<\/h2>\t\t<\/div>\n\t\t\t\t<\/div>\n\t\t\t\t<div class=\"elementor-element elementor-element-250bb16 elementor-icon-list--layout-traditional elementor-list-item-link-full_width elementor-widget elementor-widget-icon-list\" data-id=\"250bb16\" data-element_type=\"widget\" data-widget_type=\"icon-list.default\">\n\t\t\t\t<div class=\"elementor-widget-container\">\n\t\t\t<link rel=\"stylesheet\" href=\"https:\/\/www.lapasta-vitrolles.fr\/wp-content\/plugins\/elementor\/assets\/css\/widget-icon-list.min.css\">\t\t<ul class=\"elementor-icon-list-items\">\n\t\t\t\t\t\t\t<li class=\"elementor-icon-list-item\">\n\t\t\t\t\t\t\t\t\t\t\t<span class=\"elementor-icon-list-icon\">\n\t\t\t\t\t\t\t<i aria-hidden=\"true\" class=\"fas fa-map-marker-alt\"><\/i>\t\t\t\t\t\t<\/span>\n\t\t\t\t\t\t\t\t\t\t<span class=\"elementor-icon-list-text\">511 avenue Jean Monnet 13127 Vitrolles<\/span>\n\t\t\t\t\t\t\t\t\t<\/li>\n\t\t\t\t\t\t\t\t<li class=\"elementor-icon-list-item\">\n\t\t\t\t\t\t\t\t\t\t\t<span class=\"elementor-icon-list-icon\">\n\t\t\t\t\t\t\t<i aria-hidden=\"true\" class=\"fas fa-phone\"><\/i>\t\t\t\t\t\t<\/span>\n\t\t\t\t\t\t\t\t\t\t<span class=\"elementor-icon-list-text\">04 42 89 09 67<\/span>\n\t\t\t\t\t\t\t\t\t<\/li>\n\t\t\t\t\t\t\t\t<li class=\"elementor-icon-list-item\">\n\t\t\t\t\t\t\t\t\t\t\t<span class=\"elementor-icon-list-icon\">\n\t\t\t\t\t\t\t<i aria-hidden=\"true\" class=\"far fa-envelope-open\"><\/i>\t\t\t\t\t\t<\/span>\n\t\t\t\t\t\t\t\t\t\t<span class=\"elementor-icon-list-text\">lapasta-vitrolles13@orange.fr<\/span>\n\t\t\t\t\t\t\t\t\t<\/li>\n\t\t\t\t\t\t<\/ul>\n\t\t\t\t<\/div>\n\t\t\t\t<\/div>\n\t\t\t\t\t<\/div>\n\t\t<\/div>\n\t\t\t\t<div class=\"elementor-column elementor-col-25 elementor-top-column elementor-element elementor-element-98a430c elementor-invisible\" data-id=\"98a430c\" data-element_type=\"column\" data-settings=\"{&quot;background_background&quot;:&quot;classic&quot;,&quot;animation&quot;:&quot;fadeIn&quot;,&quot;animation_delay&quot;:200}\">\n\t\t\t<div class=\"elementor-widget-wrap elementor-element-populated\">\n\t\t\t\t\t\t\t\t<div class=\"elementor-element elementor-element-b4152a1 elementor-widget elementor-widget-heading\" data-id=\"b4152a1\" data-element_type=\"widget\" data-widget_type=\"heading.default\">\n\t\t\t\t<div class=\"elementor-widget-container\">\n\t\t\t<h2 class=\"elementor-heading-title elementor-size-default\">r\u00e9seaux sociaux<\/h2>\t\t<\/div>\n\t\t\t\t<\/div>\n\t\t\t\t<div class=\"elementor-element elementor-element-ae44330 elementor-icon-list--layout-traditional elementor-list-item-link-full_width elementor-widget elementor-widget-icon-list\" data-id=\"ae44330\" data-element_type=\"widget\" data-widget_type=\"icon-list.default\">\n\t\t\t\t<div class=\"elementor-widget-container\">\n\t\t\t\t\t<ul class=\"elementor-icon-list-items\">\n\t\t\t\t\t\t\t<li class=\"elementor-icon-list-item\">\n\t\t\t\t\t\t\t\t\t\t\t<a href=\"https:\/\/www.facebook.com\/people\/LaPasta-Vitrolles\/100063598088931\/\">\n\n\t\t\t\t\t\t\t\t\t\t\t\t<span class=\"elementor-icon-list-icon\">\n\t\t\t\t\t\t\t<i aria-hidden=\"true\" class=\"fab fa-facebook-f\"><\/i>\t\t\t\t\t\t<\/span>\n\t\t\t\t\t\t\t\t\t\t<span class=\"elementor-icon-list-text\">LaPasta Vitrolles<\/span>\n\t\t\t\t\t\t\t\t\t\t\t<\/a>\n\t\t\t\t\t\t\t\t\t<\/li>\n\t\t\t\t\t\t\t\t<li class=\"elementor-icon-list-item\">\n\t\t\t\t\t\t\t\t\t\t\t<a href=\"https:\/\/www.instagram.com\/la_pasta_vitrolles\/?hl=pa\">\n\n\t\t\t\t\t\t\t\t\t\t\t\t<span class=\"elementor-icon-list-icon\">\n\t\t\t\t\t\t\t<i aria-hidden=\"true\" class=\"fab fa-instagram\"><\/i>\t\t\t\t\t\t<\/span>\n\t\t\t\t\t\t\t\t\t\t<span class=\"elementor-icon-list-text\">la_pasta_vitrolles<\/span>\n\t\t\t\t\t\t\t\t\t\t\t<\/a>\n\t\t\t\t\t\t\t\t\t<\/li>\n\t\t\t\t\t\t<\/ul>\n\t\t\t\t<\/div>\n\t\t\t\t<\/div>\n\t\t\t\t\t<\/div>\n\t\t<\/div>\n\t\t\t\t<div class=\"elementor-column elementor-col-25 elementor-top-column elementor-element elementor-element-e5735df elementor-invisible\" data-id=\"e5735df\" data-element_type=\"column\" data-settings=\"{&quot;background_background&quot;:&quot;classic&quot;,&quot;animation&quot;:&quot;fadeIn&quot;,&quot;animation_delay&quot;:300}\">\n\t\t\t<div class=\"elementor-widget-wrap elementor-element-populated\">\n\t\t\t\t\t\t\t\t<div class=\"elementor-element elementor-element-32dc40f elementor-widget elementor-widget-heading\" data-id=\"32dc40f\" data-element_type=\"widget\" data-widget_type=\"heading.default\">\n\t\t\t\t<div class=\"elementor-widget-container\">\n\t\t\t<h2 class=\"elementor-heading-title elementor-size-default\">Liens<\/h2>\t\t<\/div>\n\t\t\t\t<\/div>\n\t\t\t\t<div class=\"elementor-element elementor-element-40a2492 elementor-icon-list--layout-traditional elementor-list-item-link-full_width elementor-widget elementor-widget-icon-list\" data-id=\"40a2492\" data-element_type=\"widget\" data-widget_type=\"icon-list.default\">\n\t\t\t\t<div class=\"elementor-widget-container\">\n\t\t\t\t\t<ul class=\"elementor-icon-list-items\">\n\t\t\t\t\t\t\t<li class=\"elementor-icon-list-item\">\n\t\t\t\t\t\t\t\t\t\t\t<a href=\"https:\/\/www.qrmenu.pro\/m609\">\n\n\t\t\t\t\t\t\t\t\t\t\t<span class=\"elementor-icon-list-text\">La carte<\/span>\n\t\t\t\t\t\t\t\t\t\t\t<\/a>\n\t\t\t\t\t\t\t\t\t<\/li>\n\t\t\t\t\t\t\t\t<li class=\"elementor-icon-list-item\">\n\t\t\t\t\t\t\t\t\t\t\t<a href=\"https:\/\/www.lapasta-vitrolles.fr\/?page_id=357(ouvre%20un%20nouvel%20onglet)\">\n\n\t\t\t\t\t\t\t\t\t\t\t<span class=\"elementor-icon-list-text\">Mentions l\u00e9gales<\/span>\n\t\t\t\t\t\t\t\t\t\t\t<\/a>\n\t\t\t\t\t\t\t\t\t<\/li>\n\t\t\t\t\t\t<\/ul>\n\t\t\t\t<\/div>\n\t\t\t\t<\/div>\n\t\t\t\t\t<\/div>\n\t\t<\/div>\n\t\t\t\t<div class=\"elementor-column elementor-col-25 elementor-top-column elementor-element elementor-element-ef73313 elementor-invisible\" data-id=\"ef73313\" data-element_type=\"column\" data-settings=\"{&quot;background_background&quot;:&quot;classic&quot;,&quot;animation&quot;:&quot;pulse&quot;,&quot;animation_delay&quot;:400}\">\n\t\t\t<div class=\"elementor-widget-wrap elementor-element-populated\">\n\t\t\t\t\t\t\t\t<div class=\"elementor-element elementor-element-ae8e460 elementor-widget elementor-widget-heading\" data-id=\"ae8e460\" data-element_type=\"widget\" data-widget_type=\"heading.default\">\n\t\t\t\t<div class=\"elementor-widget-container\">\n\t\t\t<h2 class=\"elementor-heading-title elementor-size-default\">La Pasta Vitrolles<\/h2>\t\t<\/div>\n\t\t\t\t<\/div>\n\t\t\t\t<div class=\"elementor-element elementor-element-641f8c4 elementor-invisible elementor-widget elementor-widget-text-editor\" data-id=\"641f8c4\" data-element_type=\"widget\" data-settings=\"{&quot;_animation&quot;:&quot;fadeIn&quot;,&quot;_animation_delay&quot;:250}\" data-widget_type=\"text-editor.default\">\n\t\t\t\t<div class=\"elementor-widget-container\">\n\t\t\t\t\t\t\t\t\t\t\t\t\t<\/div>\n\t\t\t\t<\/div>\n\t\t\t\t\t<\/div>\n\t\t<\/div>\n\t\t\t\t\t\t\t<\/div>\n\t\t<\/section>\n\t\t\t\t\t\t\t<\/div>\n\t\t","protected":false},"excerpt":{"rendered":"<p>Mentions l\u00e9gales Merci de lire attentivement les pr\u00e9sentes modalit\u00e9s d\u2019utilisation du pr\u00e9sent site avant de le parcourir. En vous connectant sur ce site, vous acceptez sans r\u00e9serve les pr\u00e9sentes modalit\u00e9s. Aussi, conform\u00e9ment \u00e0 l\u2019article n\u00b06 de la Loi n\u00b02004-575 du 21 Juin 2004 pour la confiance dans l\u2019\u00e9conomie num\u00e9rique, les responsables du pr\u00e9sent site internet [&hellip;]<\/p>\n","protected":false},"author":1,"featured_media":0,"parent":0,"menu_order":0,"comment_status":"closed","ping_status":"closed","template":"elementor_header_footer","meta":{"footnotes":""},"class_list":["post-357","page","type-page","status-publish","hentry","wpbf-post"],"_links":{"self":[{"href":"https:\/\/www.lapasta-vitrolles.fr\/index.php?rest_route=\/wp\/v2\/pages\/357","targetHints":{"allow":["GET"]}}],"collection":[{"href":"https:\/\/www.lapasta-vitrolles.fr\/index.php?rest_route=\/wp\/v2\/pages"}],"about":[{"href":"https:\/\/www.lapasta-vitrolles.fr\/index.php?rest_route=\/wp\/v2\/types\/page"}],"author":[{"embeddable":true,"href":"https:\/\/www.lapasta-vitrolles.fr\/index.php?rest_route=\/wp\/v2\/users\/1"}],"replies":[{"embeddable":true,"href":"https:\/\/www.lapasta-vitrolles.fr\/index.php?rest_route=%2Fwp%2Fv2%2Fcomments&post=357"}],"version-history":[{"count":19,"href":"https:\/\/www.lapasta-vitrolles.fr\/index.php?rest_route=\/wp\/v2\/pages\/357\/revisions"}],"predecessor-version":[{"id":511,"href":"https:\/\/www.lapasta-vitrolles.fr\/index.php?rest_route=\/wp\/v2\/pages\/357\/revisions\/511"}],"wp:attachment":[{"href":"https:\/\/www.lapasta-vitrolles.fr\/index.php?rest_route=%2Fwp%2Fv2%2Fmedia&parent=357"}],"curies":[{"name":"wp","href":"https:\/\/api.w.org\/{rel}","templated":true}]}}